{"id":305,"date":"2021-01-11T15:47:01","date_gmt":"2021-01-11T14:47:01","guid":{"rendered":"https:\/\/knife.kazak.com.pl\/?page_id=305"},"modified":"2021-01-11T16:06:38","modified_gmt":"2021-01-11T15:06:38","slug":"privacy-policy","status":"publish","type":"page","link":"https:\/\/knife.kazak.com.pl\/ru\/privacy-policy\/","title":{"rendered":"\u041f\u043e\u043b\u0438\u0442\u0438\u043a\u0430 \u043a\u043e\u043d\u0444\u0438\u0434\u0435\u043d\u0446\u0438\u0430\u043b\u044c\u043d\u043e\u0441\u0442\u0438"},"content":{"rendered":"<p>Polityka prywatno\u015bci<br \/>\nopisuje zasady<br \/>\nprzetwarzania przez<br \/>\nnas informacji na<br \/>\nTw\u00f3j temat, w tym<br \/>\ndanych osobowych<br \/>\noraz ciasteczek,<br \/>\nczyli tzw. cookies.<br \/>\n1. Informacje og\u00f3lne<br \/>\n\u2022 Niniejsza polityka dotyczy Serwisu www, funkcjonuj\u0105cego pod<br \/>\nadresem url: kazak.com.pl<br \/>\n\u2022 Operatorem serwisu oraz Administratorem danych osobowych<br \/>\njest: Kazak Poland Sp. z o.o. Towarowa 26, Bielsko-Bia\u0142a, 43-300<br \/>\n\u2022 Adres kontaktowy poczty elektronicznej operatora:<br \/>\nkazakpoland@gmail.com<br \/>\n\u2022 Operator jest Administratorem Twoich danych osobowych w<br \/>\nodniesieniu do danych podanych dobrowolnie w Serwisie.<br \/>\n\u2022 Serwis wykorzystuje dane osobowe w nast\u0119puj\u0105cych celach:<br \/>\n\u2022 Obs\u0142uga zapyta\u0144 przez formularz<br \/>\n\u2022 Przygotowanie, pakowanie, wysy\u0142ka towar\u00f3w<br \/>\n\u2022 Realizacja zam\u00f3wionych us\u0142ug<br \/>\n\u2022 Serwis realizuje funkcje pozyskiwania informacji o u\u017cytkownikach<br \/>\ni ich zachowaniu w nast\u0119puj\u0105cy spos\u00f3b:<br \/>\n\u2022 Poprzez dobrowolnie wprowadzone w formularzach dane,<br \/>\nkt\u00f3re zostaj\u0105 wprowadzone do system\u00f3w Operatora.<br \/>\n\u2022 Poprzez zapisywanie w urz\u0105dzeniach ko\u0144cowych plik\u00f3w<br \/>\ncookie (tzw. \u201eciasteczka\u201d).<br \/>\n2. Wybrane metody<br \/>\nochrony danych<br \/>\nstosowane przez<br \/>\nOperatora<br \/>\n\u2022 Miejsca logowania i wprowadzania danych osobowych s\u0105 chronione w<br \/>\nwarstwie transmisji (certyfikat SSL). Dzi\u0119ki temu dane osobowe i dane<br \/>\nlogowania, wprowadzone na stronie, zostaj\u0105 zaszyfrowane w<br \/>\nkomputerze u\u017cytkownika i mog\u0105 by\u0107 odczytane jedynie na docelowym<br \/>\nserwerze.<br \/>\n\u2022 Operator okresowo zmienia swoje has\u0142a administracyjne.<br \/>\n\u2022 Istotnym elementem ochrony danych jest regularna aktualizacja<br \/>\nwszelkiego oprogramowania, wykorzystywanego przez Operatora do<br \/>\nprzetwarzania danych osobowych, co w szczeg\u00f3lno\u015bci oznacza<br \/>\nregularne aktualizacje komponent\u00f3w programistycznych.<br \/>\n3. Hosting<br \/>\n\u2022 Serwis jest hostowany (technicznie utrzymywany) na serwera<br \/>\noperatora: inna firma<br \/>\n4. Twoje prawa i<br \/>\ndodatkowe<br \/>\ninformacje o<br \/>\nsposobie<br \/>\nwykorzystania<br \/>\ndanych<br \/>\n\u2022 W niekt\u00f3rych sytuacjach Administrator ma prawo przekazywa\u0107 Twoje<br \/>\ndane osobowe innym odbiorcom, je\u015bli b\u0119dzie to niezb\u0119dne do<br \/>\nwykonania zawartej z Tob\u0105 umowy lub do zrealizowania obowi\u0105zk\u00f3w<br \/>\nci\u0105\u017c\u0105cych na Administratorze. Dotyczy to takich grup odbiorc\u00f3w:<br \/>\n\u2022 firma hostingowa na zasadzie powierzenia<br \/>\n\u2022 operatorzy pocztowi<br \/>\n\u2022 upowa\u017cnieni pracownicy i wsp\u00f3\u0142pracownicy, kt\u00f3rzy korzystaj\u0105 z<br \/>\ndanych w celu realizacji celu dzia\u0142ania strony<br \/>\n\u2022 Twoje dane osobowe przetwarzane przez Administratora nie d\u0142u\u017cej, ni\u017c<br \/>\njest to konieczne do wykonania zwi\u0105zanych z nimi czynno\u015bci<br \/>\nokre\u015blonych osobnymi przepisami (np. o prowadzeniu rachunkowo\u015bci).<br \/>\nW odniesieniu do danych marketingowych dane nie b\u0119d\u0105 przetwarzane<br \/>\nd\u0142u\u017cej ni\u017c przez 3 lata.<br \/>\n\u2022 Przys\u0142uguje Ci prawo \u017c\u0105dania od Administratora:<br \/>\n\u2022 dost\u0119pu do danych osobowych Ciebie dotycz\u0105cych,<br \/>\n\u2022 ich sprostowania,<br \/>\n\u2022 usuni\u0119cia,<br \/>\n\u2022 ograniczenia przetwarzania,<br \/>\n\u2022 oraz przenoszenia danych.<br \/>\n\u2022 Przys\u0142uguje Ci prawo do z\u0142o\u017cenia sprzeciwu w zakresie przetwarzania<br \/>\nwskazanego w pkt 3.3 c) wobec przetwarzania danych osobowych w<br \/>\ncelu wykonania prawnie uzasadnionych interes\u00f3w realizowanych przez<br \/>\nAdministratora, w tym profilowania, przy czym prawo sprzeciwu nie<br \/>\nb\u0119dzie mog\u0142o by\u0107 wykonane w przypadku istnienia wa\u017cnych prawnie<br \/>\nuzasadnionych podstaw do przetwarzania, nadrz\u0119dnych wobec Ciebie<br \/>\ninteres\u00f3w, praw i wolno\u015bci, w szczeg\u00f3lno\u015bci ustalenia, dochodzenia lub<br \/>\nobrony roszcze\u0144.<br \/>\n\u2022 Na dzia\u0142ania Administratora przys\u0142uguje skarga do Prezesa Urz\u0119du<br \/>\nOchrony Danych Osobowych, ul. Stawki 2, 00-193 Warszawa.<br \/>\n\u2022 Podanie danych osobowych jest dobrowolne, lecz niezb\u0119dne do obs\u0142ugi<br \/>\nSerwisu.<br \/>\n\u2022 W stosunku do Ciebie mog\u0105 by\u0107 podejmowane czynno\u015bci polegaj\u0105ce<br \/>\nna zautomatyzowanym podejmowaniu decyzji, w tym profilowaniu w<br \/>\ncelu \u015bwiadczenia us\u0142ug w ramach zawartej umowy oraz w celu<br \/>\nprowadzenia przez Administratora marketingu bezpo\u015bredniego.<br \/>\n\u2022 Dane osobowe nie s\u0105 przekazywane od kraj\u00f3w trzecich w rozumieniu<br \/>\nprzepis\u00f3w o ochronie danych osobowych. Oznacza to, \u017ce nie<br \/>\nprzesy\u0142amy ich poza teren Unii Europejskiej.<br \/>\n5. Informacje w<br \/>\nformularzach<br \/>\n\u2022 Serwis zbiera informacje podane dobrowolnie przez u\u017cytkownika, w tym<br \/>\ndane osobowe, o ile zostan\u0105 one podane.<br \/>\n\u2022 Serwis mo\u017ce zapisa\u0107 informacje o parametrach po\u0142\u0105czenia (oznaczenie<br \/>\nczasu, adres IP).<br \/>\n\u2022 Serwis, w niekt\u00f3rych wypadkach, mo\u017ce zapisa\u0107 informacj\u0119 u\u0142atwiaj\u0105c\u0105<br \/>\npowi\u0105zanie danych w formularzu z adresem e-mail u\u017cytkownika<br \/>\nwype\u0142niaj\u0105cego formularz. W takim wypadku adres e-mail u\u017cytkownika<br \/>\npojawia si\u0119 wewn\u0105trz adresu url strony zawieraj\u0105cej formularz.<br \/>\n\u2022 Dane podane w formularzu s\u0105 przetwarzane w celu wynikaj\u0105cym z<br \/>\nfunkcji konkretnego formularza, np. w celu dokonania procesu obs\u0142ugi<br \/>\nzg\u0142oszenia serwisowego lub kontaktu handlowego, rejestracji us\u0142ug itp.<br \/>\nKa\u017cdorazowo kontekst i opis formularza w czytelny spos\u00f3b informuje,<br \/>\ndo czego on s\u0142u\u017cy.<br \/>\n6. Logi<br \/>\nAdministratora<br \/>\n\u2022 Informacje zachowaniu u\u017cytkownik\u00f3w w serwisie mog\u0105 podlega\u0107<br \/>\nlogowaniu. Dane te s\u0105 wykorzystywane w celu administrowania<br \/>\nserwisem.<br \/>\n7. Istotne techniki<br \/>\nmarketingowe<br \/>\n\u2022 Operator stosuje analiz\u0119 statystyczn\u0105 ruchu na stronie, poprzez Google<br \/>\nAnalytics (Google Inc. z siedzib\u0105 w USA). Operator nie przekazuje do<br \/>\noperatora tej us\u0142ugi danych osobowych, a jedynie zanonimizowane<br \/>\ninformacje. Us\u0142uga bazuje na wykorzystaniu ciasteczek w urz\u0105dzeniu<br \/>\nko\u0144cowym u\u017cytkownika. W zakresie informacji o preferencjach<br \/>\nu\u017cytkownika gromadzonych przez sie\u0107 reklamow\u0105 Google u\u017cytkownik<br \/>\nmo\u017ce przegl\u0105da\u0107 i edytowa\u0107 informacje wynikaj\u0105ce z plik\u00f3w cookies<br \/>\nprzy pomocy narz\u0119dzia: https:\/\/www.google.com\/ads\/preferences\/<br \/>\n\u2022 Operator stosuje techniki remarketingowe, pozwalaj\u0105ce na<br \/>\ndopasowanie przekaz\u00f3w reklamowych do zachowania u\u017cytkownika na<br \/>\nstronie, co mo\u017ce dawa\u0107 z\u0142udzenie, \u017ce dane osobowe u\u017cytkownika s\u0105<br \/>\nwykorzystywane do jego \u015bledzenia, jednak w praktyce nie dochodzi do<br \/>\nprzekazania \u017cadnych danych osobowych od Operatora do operatorom<br \/>\nreklam. Technologicznym warunkiem takich dzia\u0142a\u0144 jest w\u0142\u0105czona<br \/>\nobs\u0142uga plik\u00f3w cookie.<br \/>\n\u2022 Operator stosuje korzysta z piksela Facebooka. Ta technologia<br \/>\npowoduje, \u017ce serwis Facebook (Facebook Inc. z siedzib\u0105 w USA) wie,<br \/>\n\u017ce dana osoba w nim zarejestrowana korzysta z Serwisu. Bazuje w tym<br \/>\nwypadku na danych, wobec kt\u00f3rych sam jest administratorem, Operator<br \/>\nnie przekazuje od siebie \u017cadnych dodatkowych danych osobowych<br \/>\nserwisowi Facebook. Us\u0142uga bazuje na wykorzystaniu ciasteczek w<br \/>\nurz\u0105dzeniu ko\u0144cowym u\u017cytkownika.<br \/>\n\u2022 Operator stosuje rozwi\u0105zanie badaj\u0105ce zachowanie u\u017cytkownik\u00f3w<br \/>\npoprzez tworzenie map ciep\u0142a oraz nagrywanie zachowania na stronie.<br \/>\nTe informacje s\u0105 anonimizowane zanim zostan\u0105 przes\u0142ane do operatora<br \/>\nus\u0142ugi tak, \u017ce nie wie on jakiej osoby fizycznej one dotycz\u0105. W<br \/>\nszczeg\u00f3lno\u015bci nagrywaniu nie podlegaj\u0105 wpisywane has\u0142a oraz inne<br \/>\ndane osobowe.<br \/>\n\u2022 Operator stosuje rozwi\u0105zanie automatyzuj\u0105ce dzia\u0142anie Serwisu w<br \/>\nodniesieniu do u\u017cytkownik\u00f3w, np. mog\u0105ce przes\u0142a\u0107 maila do<br \/>\nu\u017cytkownika po odwiedzeniu konkretnej podstrony, o ile wyrazi\u0142 on<br \/>\nzgod\u0119 na otrzymywanie korespondencji handlowej od Operatora.<br \/>\n8. Informacja o<br \/>\nplikach cookies<br \/>\n\u2022 Serwis korzysta z plik\u00f3w cookies.<br \/>\n\u2022 Pliki cookies (tzw. \u201eciasteczka\u201d) stanowi\u0105 dane informatyczne, w<br \/>\nszczeg\u00f3lno\u015bci pliki tekstowe, kt\u00f3re przechowywane s\u0105 w urz\u0105dzeniu<br \/>\nko\u0144cowym U\u017cytkownika Serwisu i przeznaczone s\u0105 do korzystania ze<br \/>\nstron internetowych Serwisu. Cookies zazwyczaj zawieraj\u0105 nazw\u0119<br \/>\nstrony internetowej, z kt\u00f3rej pochodz\u0105, czas przechowywania ich na<br \/>\nurz\u0105dzeniu ko\u0144cowym oraz unikalny numer.<br \/>\n\u2022 Podmiotem zamieszczaj\u0105cym na urz\u0105dzeniu ko\u0144cowym U\u017cytkownika<br \/>\nSerwisu pliki cookies oraz uzyskuj\u0105cym do nich dost\u0119p jest operator<br \/>\nSerwisu.<br \/>\n\u2022 Pliki cookies wykorzystywane s\u0105 w nast\u0119puj\u0105cych celach:<br \/>\n\u2022 utrzymanie sesji u\u017cytkownika Serwisu (po zalogowaniu), dzi\u0119ki<br \/>\nkt\u00f3rej u\u017cytkownik nie musi na ka\u017cdej podstronie Serwisu<br \/>\nponownie wpisywa\u0107 loginu i has\u0142a;<br \/>\n\u2022 realizacji cel\u00f3w okre\u015blonych powy\u017cej w cz\u0119\u015bci &#8220;Istotne techniki<br \/>\nmarketingowe&#8221;;<br \/>\n\u2022 W ramach Serwisu stosowane s\u0105 dwa zasadnicze rodzaje plik\u00f3w<br \/>\ncookies: \u201esesyjne\u201d (session cookies) oraz \u201esta\u0142e\u201d (persistent cookies).<br \/>\nCookies \u201esesyjne\u201d s\u0105 plikami tymczasowymi, kt\u00f3re przechowywane s\u0105<br \/>\nw urz\u0105dzeniu ko\u0144cowym U\u017cytkownika do czasu wylogowania,<br \/>\nopuszczenia strony internetowej lub wy\u0142\u0105czenia oprogramowania<br \/>\n(przegl\u0105darki internetowej). \u201eSta\u0142e\u201d pliki cookies przechowywane s\u0105 w<br \/>\nurz\u0105dzeniu ko\u0144cowym U\u017cytkownika przez czas okre\u015blony w<br \/>\nparametrach plik\u00f3w cookies lub do czasu ich usuni\u0119cia przez<br \/>\nU\u017cytkownika.<br \/>\n\u2022 Oprogramowanie do przegl\u0105dania stron internetowych (przegl\u0105darka<br \/>\ninternetowa) zazwyczaj domy\u015blnie dopuszcza przechowywanie plik\u00f3w<br \/>\ncookies w urz\u0105dzeniu ko\u0144cowym U\u017cytkownika. U\u017cytkownicy Serwisu<br \/>\nmog\u0105 dokona\u0107 zmiany ustawie\u0144 w tym zakresie. Przegl\u0105darka<br \/>\ninternetowa umo\u017cliwia usuni\u0119cie plik\u00f3w cookies. Mo\u017cliwe jest tak\u017ce<br \/>\nautomatyczne blokowanie plik\u00f3w cookies Szczeg\u00f3\u0142owe informacje na<br \/>\nten temat zawiera pomoc lub dokumentacja przegl\u0105darki internetowej.<br \/>\n\u2022 Ograniczenia stosowania plik\u00f3w cookies mog\u0105 wp\u0142yn\u0105\u0107 na niekt\u00f3re<br \/>\nfunkcjonalno\u015bci dost\u0119pne na stronach internetowych Serwisu.<br \/>\n\u2022 Pliki cookies zamieszczane w urz\u0105dzeniu ko\u0144cowym U\u017cytkownika<br \/>\nSerwisu wykorzystywane mog\u0105 by\u0107 r\u00f3wnie\u017c przez wsp\u00f3\u0142pracuj\u0105ce z<br \/>\noperatorem Serwisu podmioty, w szczeg\u00f3lno\u015bci dotyczy to firm: Google<br \/>\n(Google Inc. z siedzib\u0105 w USA), Facebook (Facebook Inc. z siedzib\u0105 w<br \/>\nUSA), Twitter (Twitter Inc. z siedzib\u0105 w USA).<br \/>\n9. Zarz\u0105dzanie<br \/>\nplikami cookies \u2013 jak<br \/>\nw praktyce wyra\u017ca\u0107 i<br \/>\ncofa\u0107 zgod\u0119? \u2022 Je\u015bli u\u017cytkownik nie chce otrzymywa\u0107 plik\u00f3w cookies, mo\u017ce<br \/>\nzmieni\u0107 ustawienia przegl\u0105darki. Zastrzegamy, \u017ce wy\u0142\u0105czenie obs\u0142ugi<br \/>\nplik\u00f3w cookies niezb\u0119dnych dla proces\u00f3w uwierzytelniania,<br \/>\nbezpiecze\u0144stwa, utrzymania preferencji u\u017cytkownika mo\u017ce utrudni\u0107, a<br \/>\nw skrajnych przypadkach mo\u017ce uniemo\u017cliwi\u0107 korzystanie ze stron www<br \/>\n\u2022 W celu zarz\u0105dzania ustawienia cookies wybierz z listy poni\u017cej<br \/>\nprzegl\u0105dark\u0119 internetow\u0105, kt\u00f3rej u\u017cywasz i post\u0119puj zgodnie z<br \/>\ninstrukcjami:<br \/>\n\u2022 Edge<br \/>\n\u2022 Internet Explorer<br \/>\n\u2022 Chrome<br \/>\n\u2022 Safari<br \/>\n\u2022 Firefox<br \/>\n\u2022 Opera<br \/>\n\u2022 Urz\u0105dzenia mobilne:<br \/>\n\u2022 Android<br \/>\n\u2022 Safari (iOS)<br \/>\n\u2022 Windows Phone<\/p>\n","protected":false},"excerpt":{"rendered":"<p>Polityka prywatno\u015bci opisuje zasady przetwarzania przez nas informacji na Tw\u00f3j temat, w tym danych osobowych oraz ciasteczek, czyli tzw. cookies. 1. Informacje og\u00f3lne \u2022 Niniejsza polityka dotyczy Serwisu www, funkcjonuj\u0105cego pod adresem url: kazak.com.pl \u2022 Operatorem serwisu oraz Administratorem danych osobowych jest: Kazak Poland Sp. z o.o. Towarowa 26, Bielsko-Bia\u0142a, 43-300 \u2022 Adres kontaktowy poczty [&hellip;]<\/p>\n","protected":false},"author":1,"featured_media":0,"parent":0,"menu_order":0,"comment_status":"closed","ping_status":"closed","template":"","meta":{"inline_featured_image":false,"footnotes":""},"_links":{"self":[{"href":"https:\/\/knife.kazak.com.pl\/ru\/wp-json\/wp\/v2\/pages\/305"}],"collection":[{"href":"https:\/\/knife.kazak.com.pl\/ru\/wp-json\/wp\/v2\/pages"}],"about":[{"href":"https:\/\/knife.kazak.com.pl\/ru\/wp-json\/wp\/v2\/types\/page"}],"author":[{"embeddable":true,"href":"https:\/\/knife.kazak.com.pl\/ru\/wp-json\/wp\/v2\/users\/1"}],"replies":[{"embeddable":true,"href":"https:\/\/knife.kazak.com.pl\/ru\/wp-json\/wp\/v2\/comments?post=305"}],"version-history":[{"count":2,"href":"https:\/\/knife.kazak.com.pl\/ru\/wp-json\/wp\/v2\/pages\/305\/revisions"}],"predecessor-version":[{"id":313,"href":"https:\/\/knife.kazak.com.pl\/ru\/wp-json\/wp\/v2\/pages\/305\/revisions\/313"}],"wp:attachment":[{"href":"https:\/\/knife.kazak.com.pl\/ru\/wp-json\/wp\/v2\/media?parent=305"}],"curies":[{"name":"wp","href":"https:\/\/api.w.org\/{rel}","templated":true}]}}